{"id":76,"date":"2023-03-04T14:07:32","date_gmt":"2023-03-04T13:07:32","guid":{"rendered":"https:\/\/csapliege.be\/?page_id=76"},"modified":"2025-12-05T14:45:18","modified_gmt":"2025-12-05T13:45:18","slug":"photos-epreuves","status":"publish","type":"page","link":"https:\/\/csapliege.be\/?page_id=76","title":{"rendered":"Actualit\u00e9s ASAF"},"content":{"rendered":"<div class=\"wpb-content-wrapper\"><p>[vc_row][vc_column][vc_single_image image=\u00a0\u00bb551&Prime; img_size=\u00a0\u00bbfull\u00a0\u00bb alignment=\u00a0\u00bbcenter\u00a0\u00bb style=\u00a0\u00bbvc_box_outline\u00a0\u00bb border_color=\u00a0\u00bbblue\u00a0\u00bb onclick=\u00a0\u00bbcustom_link\u00a0\u00bb img_link_target=\u00a0\u00bb_blank\u00a0\u00bb link=\u00a0\u00bbhttps:\/\/www.asaf.be\/toutes-les-actualites\/\u00a0\u00bb][\/vc_column][\/vc_row][vc_row][vc_column width=\u00a0\u00bb1\/4&Prime;][vc_single_image image=\u00a0\u00bb2066&Prime; img_size=\u00a0\u00bbmedium\u00a0\u00bb add_caption=\u00a0\u00bbyes\u00a0\u00bb alignment=\u00a0\u00bbcenter\u00a0\u00bb onclick=\u00a0\u00bbcustom_link\u00a0\u00bb img_link_target=\u00a0\u00bb_blank\u00a0\u00bb css=\u00a0\u00bb\u00a0\u00bb link=\u00a0\u00bbhttps:\/\/csapliege.be\/wp-content\/uploads\/2025\/12\/ASAF-ANL-2025-10-29-Pneus_2026-1.pdf\u00a0\u00bb][vc_column_text css=\u00a0\u00bb\u00a0\u00bb]<\/p>\n<h5 style=\"text-align: center;\"><strong><span style=\"color: #808080;\">29 octobre 2025<\/span><\/strong><\/h5>\n<h4 style=\"text-align: center;\"><span style=\"color: #0000ff;\"><strong>R\u00e8glementation \u00ab\u00a0Pneus\u00a0\u00bb 2026 :<\/strong><\/span><\/h4>\n<ul>\n<li style=\"text-align: left;\">pneus Rechap\u00e9s\/Remould<\/li>\n<\/ul>\n<p>[\/vc_column_text][\/vc_column][vc_column width=\u00a0\u00bb1\/4&Prime;][vc_single_image image=\u00a0\u00bb2066&Prime; img_size=\u00a0\u00bbmedium\u00a0\u00bb add_caption=\u00a0\u00bbyes\u00a0\u00bb alignment=\u00a0\u00bbcenter\u00a0\u00bb onclick=\u00a0\u00bbcustom_link\u00a0\u00bb img_link_target=\u00a0\u00bb_blank\u00a0\u00bb css=\u00a0\u00bb\u00a0\u00bb link=\u00a0\u00bbhttps:\/\/csapliege.be\/wp-content\/uploads\/2025\/12\/ASAF-ANL-2025-05-23-equipements-des-participants-1.pdf\u00a0\u00bb][vc_column_text css=\u00a0\u00bb\u00a0\u00bb]<\/p>\n<h5 style=\"text-align: center;\"><strong><span style=\"color: #808080;\">23 mai 2025<\/span><\/strong><\/h5>\n<h4 style=\"text-align: center;\"><span style=\"color: #0000ff;\"><strong>R\u00e8glement particulier \u00ab\u00a0Slalom\u00a0\u00bb :<\/strong><\/span><\/h4>\n<ul>\n<li style=\"text-align: left;\">Equipements des participants de la division 6 + Access<\/li>\n<\/ul>\n<p>[\/vc_column_text][\/vc_column][vc_column width=\u00a0\u00bb1\/4&Prime;][vc_single_image image=\u00a0\u00bb2066&Prime; img_size=\u00a0\u00bbmedium\u00a0\u00bb add_caption=\u00a0\u00bbyes\u00a0\u00bb alignment=\u00a0\u00bbcenter\u00a0\u00bb onclick=\u00a0\u00bbcustom_link\u00a0\u00bb img_link_target=\u00a0\u00bb_blank\u00a0\u00bb css=\u00a0\u00bb\u00a0\u00bb link=\u00a0\u00bbhttps:\/\/csapliege.be\/wp-content\/uploads\/2025\/12\/ASAF-ANL-2025-05-23-correction-de-lANL-du-5-05-2025.pdf\u00a0\u00bb][vc_column_text css=\u00a0\u00bb\u00a0\u00bb]<\/p>\n<h5 style=\"text-align: center;\"><strong><span style=\"color: #808080;\">23 mai 2025<\/span><\/strong><\/h5>\n<h4 style=\"text-align: center;\"><span style=\"color: #0000ff;\"><strong>D\u00e9cisions OA :<\/strong><\/span><\/h4>\n<ul>\n<li style=\"text-align: left;\">voitures ouvreuses en CC et MH<\/li>\n<li>nombre de CT en slalom<\/li>\n<li>RSG : contr\u00f4les des documents<\/li>\n<\/ul>\n<p>[\/vc_column_text][\/vc_column][vc_column width=\u00a0\u00bb1\/4&Prime;][vc_single_image image=\u00a0\u00bb2066&Prime; img_size=\u00a0\u00bbmedium\u00a0\u00bb add_caption=\u00a0\u00bbyes\u00a0\u00bb alignment=\u00a0\u00bbcenter\u00a0\u00bb onclick=\u00a0\u00bbcustom_link\u00a0\u00bb img_link_target=\u00a0\u00bb_blank\u00a0\u00bb css=\u00a0\u00bb\u00a0\u00bb link=\u00a0\u00bbhttps:\/\/csapliege.be\/wp-content\/uploads\/2025\/05\/ASAF-ANL-2025-5-2025-03-13-Pneus.pdf\u00a0\u00bb][vc_column_text css=\u00a0\u00bb\u00a0\u00bb]<\/p>\n<h5 style=\"text-align: center;\"><strong><span style=\"color: #808080;\">13 mars 2025<\/span><\/strong><\/h5>\n<h4 style=\"text-align: center;\"><span style=\"color: #0000ff;\"><strong>R\u00e9glementation \u00ab\u00a0Pneus\u00a0\u00bb pour le Slalom<\/strong><\/span><\/h4>\n<p>[\/vc_column_text][\/vc_column][\/vc_row][vc_row][vc_column width=\u00a0\u00bb1\/4&Prime;][vc_single_image image=\u00a0\u00bb2066&Prime; img_size=\u00a0\u00bbmedium\u00a0\u00bb add_caption=\u00a0\u00bbyes\u00a0\u00bb alignment=\u00a0\u00bbcenter\u00a0\u00bb onclick=\u00a0\u00bbcustom_link\u00a0\u00bb img_link_target=\u00a0\u00bb_blank\u00a0\u00bb css=\u00a0\u00bb\u00a0\u00bb link=\u00a0\u00bbhttps:\/\/csapliege.be\/wp-content\/uploads\/2025\/05\/ASAF-ANL-2025-2025-01-08-Pneus-2.pdf\u00a0\u00bb][vc_column_text css=\u00a0\u00bb\u00a0\u00bb]<\/p>\n<h5 style=\"text-align: center;\"><strong><span style=\"color: #808080;\">8 janvier 2025<\/span><\/strong><\/h5>\n<h4 style=\"text-align: center;\"><span style=\"color: #0000ff;\"><strong>R\u00e9glementation g\u00e9n\u00e9rale \u00ab\u00a0Pneus\u00a0\u00bb<\/strong><\/span><\/h4>\n<p>[\/vc_column_text][\/vc_column][vc_column width=\u00a0\u00bb1\/4&Prime;][\/vc_column][vc_column width=\u00a0\u00bb1\/4&Prime;][\/vc_column][vc_column width=\u00a0\u00bb1\/4&Prime;][\/vc_column][\/vc_row]<\/p>\n<\/div>","protected":false},"excerpt":{"rendered":"<p>[vc_row][vc_column][vc_single_image image=\u00a0\u00bb551&Prime; img_size=\u00a0\u00bbfull\u00a0\u00bb alignment=\u00a0\u00bbcenter\u00a0\u00bb style=\u00a0\u00bbvc_box_outline\u00a0\u00bb border_color=\u00a0\u00bbblue\u00a0\u00bb onclick=\u00a0\u00bbcustom_link\u00a0\u00bb img_link_target=\u00a0\u00bb_blank\u00a0\u00bb link=\u00a0\u00bbhttps:\/\/www.asaf.be\/toutes-les-actualites\/\u00a0\u00bb][\/vc_column][\/vc_row][vc_row][vc_column width=\u00a0\u00bb1\/4&Prime;][vc_single_image image=\u00a0\u00bb2066&Prime; img_size=\u00a0\u00bbmedium\u00a0\u00bb add_caption=\u00a0\u00bbyes\u00a0\u00bb alignment=\u00a0\u00bbcenter\u00a0\u00bb onclick=\u00a0\u00bbcustom_link\u00a0\u00bb img_link_target=\u00a0\u00bb_blank\u00a0\u00bb css=\u00a0\u00bb\u00a0\u00bb link=\u00a0\u00bbhttps:\/\/csapliege.be\/wp-content\/uploads\/2025\/12\/ASAF-ANL-2025-10-29-Pneus_2026-1.pdf\u00a0\u00bb][vc_column_text css=\u00a0\u00bb\u00a0\u00bb] 29 octobre 2025 R\u00e8glementation \u00ab\u00a0Pneus\u00a0\u00bb 2026 : pneus Rechap\u00e9s\/Remould [\/vc_column_text][\/vc_column][vc_column width=\u00a0\u00bb1\/4&Prime;][vc_single_image [&hellip;]<\/p>\n","protected":false},"author":3,"featured_media":0,"parent":0,"menu_order":0,"comment_status":"closed","ping_status":"closed","template":"","meta":{"ngg_post_thumbnail":0,"footnotes":""},"class_list":["post-76","page","type-page","status-publish","hentry"],"_links":{"self":[{"href":"https:\/\/csapliege.be\/index.php?rest_route=\/wp\/v2\/pages\/76","targetHints":{"allow":["GET"]}}],"collection":[{"href":"https:\/\/csapliege.be\/index.php?rest_route=\/wp\/v2\/pages"}],"about":[{"href":"https:\/\/csapliege.be\/index.php?rest_route=\/wp\/v2\/types\/page"}],"author":[{"embeddable":true,"href":"https:\/\/csapliege.be\/index.php?rest_route=\/wp\/v2\/users\/3"}],"replies":[{"embeddable":true,"href":"https:\/\/csapliege.be\/index.php?rest_route=%2Fwp%2Fv2%2Fcomments&post=76"}],"version-history":[{"count":11,"href":"https:\/\/csapliege.be\/index.php?rest_route=\/wp\/v2\/pages\/76\/revisions"}],"predecessor-version":[{"id":2264,"href":"https:\/\/csapliege.be\/index.php?rest_route=\/wp\/v2\/pages\/76\/revisions\/2264"}],"wp:attachment":[{"href":"https:\/\/csapliege.be\/index.php?rest_route=%2Fwp%2Fv2%2Fmedia&parent=76"}],"curies":[{"name":"wp","href":"https:\/\/api.w.org\/{rel}","templated":true}]}}